{"id":2707,"date":"2025-12-08T11:10:38","date_gmt":"2025-12-08T10:10:38","guid":{"rendered":"https:\/\/monavisa.be\/politique-de-confidentialite\/"},"modified":"2026-03-12T11:54:54","modified_gmt":"2026-03-12T10:54:54","slug":"politique-de-confidentialite","status":"publish","type":"page","link":"https:\/\/monavisa.be\/fr\/politique-de-confidentialite\/","title":{"rendered":"Politique de confidentialit\u00e9"},"content":{"rendered":"<!--\n Title: Intro\n-->\n\n<section class=\"gc-intro\">\n    <!--\n    Title: Container\n    Mode: preview\n    SupportsJSX: true\n    Blueprint: false\n-->\n\n\n<div class=\"gc-container\">\n    <div class=\"gc-breadcrumbs\">\n    <nav aria-label=\"breadcrumbs\" class=\"rank-math-breadcrumb\"><p><span class=\"last\">Monavisa<\/span><\/p><\/nav><\/div>\n        <h1 class=\"gc-intro__title\">\n            Politique de confidentialit\u00e9\n        <\/h1>\n                    <div class=\"gc-intro__subtitle\">\n                <p>Chez MonaVisa BV, nous accordons une grande importance \u00e0 la protection de vos donn\u00e9es personnelles et au respect de votre vie priv\u00e9e. La pr\u00e9sente d\u00e9claration de confidentialit\u00e9 vous offre un aper\u00e7u clair et transparent de la mani\u00e8re dont nous traitons vos donn\u00e9es personnelles. <\/p>\n<p>La pr\u00e9sente d\u00e9claration de confidentialit\u00e9 s&#8217;applique \u00e0 MonaVisa BV et aux personnes autoris\u00e9es travaillant au sein de MonaVisa BV, dont le si\u00e8ge social est situ\u00e9 \u00e0 Oostnieuwkerksesteenweg 3, B-8800 Roeselare et dont le num\u00e9ro d&#8217;entreprise est BE 0867.710.431.<\/p>\n<p>Nous nous engageons \u00e0 prot\u00e9ger votre vie priv\u00e9e et \u00e0 traiter vos donn\u00e9es personnelles avec le plus grand soin. MonaVisa BV respecte toutes les lois et r\u00e9glementations applicables, notamment le R\u00e8glement g\u00e9n\u00e9ral sur la protection des donn\u00e9es (RGPD). <\/p>\n<p><strong>Pourquoi traitons-nous vos donn\u00e9es personnelles ?<\/strong><\/p>\n<p>Nous traitons les donn\u00e9es personnelles conform\u00e9ment \u00e0 la finalit\u00e9 pour laquelle elles ont \u00e9t\u00e9 fournies&nbsp;:<\/p>\n<ul>\n<li>informer les clients actifs sur des produits similaires par le biais du marketing direct (int\u00e9r\u00eat l\u00e9gitime)<\/li>\n<li>fournir des informations sur les mises \u00e0 jour de s\u00e9curit\u00e9 possibles de nos applications Web<\/li>\n<li>envoi de newsletters, de courriers et d&#8217;invitations (consentement des personnes concern\u00e9es)<\/li>\n<li>assurer l&#8217;administration dans le cadre de notre collaboration<\/li>\n<\/ul>\n<p>&nbsp;<\/p>\n<p><strong>Comment traitons-nous vos donn\u00e9es personnelles ?<\/strong><\/p>\n<p><strong>G\u00c9N\u00c9RAL<\/strong><\/p>\n<ul>\n<li>Les donn\u00e9es trait\u00e9es se limitent aux donn\u00e9es dont nous avons strictement besoin aux fins pour lesquelles elles sont trait\u00e9es.<\/li>\n<li>Nous vous demandons votre autorisation si nous en avons besoin pour le traitement de vos donn\u00e9es personnelles.<\/li>\n<li>Nous avons pris les mesures techniques et organisationnelles n\u00e9cessaires pour assurer la s\u00e9curit\u00e9 de vos donn\u00e9es personnelles.<\/li>\n<li>Nous ne transmettons pas les donn\u00e9es personnelles \u00e0 des tiers, sauf si cela est n\u00e9cessaire \u00e0 la r\u00e9alisation des finalit\u00e9s pour lesquelles elles ont \u00e9t\u00e9 fournies.<\/li>\n<li>Nous sommes conscients de vos droits concernant vos donn\u00e9es personnelles et nous les respectons pleinement.<\/li>\n<\/ul>\n<p>&nbsp;<\/p>\n<p><strong>SITE WEB<\/strong><\/p>\n<ul>\n<li>Sur notre site web, les donn\u00e9es personnelles sont collect\u00e9es via le formulaire de contact. Ce formulaire requiert vos nom et pr\u00e9nom, votre adresse e-mail et le motif de votre prise de contact (message). Vous pouvez \u00e9galement indiquer le nom de votre entreprise et votre num\u00e9ro de t\u00e9l\u00e9phone.  <\/li>\n<li>Nous utilisons des cookies sur notre site web. Vous trouverez plus d&#8217;informations \u00e0 ce sujet dans notre politique relative aux cookies. <\/li>\n<li>Ce site web contient des liens hypertextes vers des sites web tiers. Ces sites peuvent \u00e9galement contenir des liens hypertextes vers notre site. MonaVisa BV d\u00e9cline toute responsabilit\u00e9 quant aux politiques de confidentialit\u00e9 de ces tiers et \u00e0 l&#8217;utilisation des cookies sur leurs sites web.  <\/li>\n<\/ul>\n<p>&nbsp;<\/p>\n<p><strong>Quelles donn\u00e9es personnelles collectons-nous ?<\/strong><\/p>\n<ul>\n<li>Donn\u00e9es d&#8217;identification personnelle&nbsp;: nom, pr\u00e9nom, adresse, num\u00e9ro de t\u00e9l\u00e9phone fixe, num\u00e9ro de portable, adresse e-mail, nom de l&#8217;entreprise et num\u00e9ro de TVA.<\/li>\n<\/ul>\n<p>&nbsp;<\/p>\n<p><strong>Dur\u00e9e de conservation des donn\u00e9es personnelles<\/strong><\/p>\n<ul>\n<li>MonaVisa BV ne conserve pas les donn\u00e9es personnelles plus longtemps que n\u00e9cessaire aux fins pour lesquelles elles ont \u00e9t\u00e9 fournies ou que ne l&#8217;exige la loi. En r\u00e8gle g\u00e9n\u00e9rale, nous conservons les donn\u00e9es personnelles pendant une dur\u00e9e maximale de 5 ans apr\u00e8s leur derni\u00e8re utilisation. <\/li>\n<\/ul>\n<p>&nbsp;<\/p>\n<p><strong>Communication de donn\u00e9es personnelles \u00e0 des tiers<\/strong><\/p>\n<p>Nous pouvons communiquer les informations que vous nous fournissez \u00e0 des tiers si cela est n\u00e9cessaire \u00e0 la r\u00e9alisation des objectifs d\u00e9crits ci-dessus.<\/p>\n<p>Par exemple, nous faisons appel \u00e0 un tiers pour&nbsp;:<\/p>\n<ul>\n<li>notre administration, notre facturation et notre suivi de projet<\/li>\n<li>maintenance de l&#8217;environnement internet (h\u00e9bergement web, gestion des e-mails, etc.)<\/li>\n<li>fournir (et distribuer) des bulletins d&#8217;information et des invitations<\/li>\n<li>impression de supports d&#8217;identit\u00e9 visuelle, etc.<\/li>\n<\/ul>\n<p>Nous avons conclu les accords n\u00e9cessaires avec ces parties afin de garantir la s\u00e9curit\u00e9 de vos donn\u00e9es personnelles. Nous ne partageons jamais vos donn\u00e9es personnelles avec d&#8217;autres parties avec lesquelles nous n&#8217;avons pas conclu d&#8217;accord de traitement des donn\u00e9es. <\/p>\n<p>&nbsp;<\/p>\n<p><strong>S\u00e9curit\u00e9 des donn\u00e9es personnelles<\/strong><\/p>\n<ul>\n<li>Nous prenons les mesures techniques et organisationnelles appropri\u00e9es pour prot\u00e9ger vos donn\u00e9es personnelles contre tout traitement illicite, notamment&nbsp;:\n<ul>\n<li>Toutes les personnes ayant acc\u00e8s \u00e0 vos donn\u00e9es pour le compte de MonaVisa BV sont tenues \u00e0 la confidentialit\u00e9 ; tous nos employ\u00e9s ont \u00e9t\u00e9 sensibilis\u00e9s \u00e0 l&#8217;importance de la protection des donn\u00e9es personnelles.<\/li>\n<li>Nous utilisons un nom d&#8217;utilisateur et un mot de passe sur tous nos syst\u00e8mes et, \u00e0 cette fin, nous utilisons un gestionnaire de mots de passe avec un coffre-fort num\u00e9rique.<\/li>\n<li>Nous effectuons des sauvegardes des donn\u00e9es personnelles afin de pouvoir les restaurer en cas d&#8217;incidents physiques ou techniques.<\/li>\n<\/ul>\n<\/li>\n<li>MonaVisa BV ne peut en aucun cas \u00eatre tenue responsable des dommages directs ou indirects r\u00e9sultant d&#8217;une utilisation incorrecte ou ill\u00e9gale de vos donn\u00e9es personnelles par un tiers.<\/li>\n<\/ul>\n<p>&nbsp;<\/p>\n<p><strong>S\u00e9curisez vos identifiants de connexion pour les sites web, les e-mails, les syst\u00e8mes de newsletter, etc.<\/strong><\/p>\n<ul>\n<li>MonaVisa BV ne peut \u00eatre tenue responsable du stockage de vos identifiants de connexion au site web. En tant que client, vous \u00eates seul responsable de l&#8217;utilisation du site web depuis votre ordinateur, votre adresse IP et vos donn\u00e9es d&#8217;identification, ainsi que de leur confidentialit\u00e9. <\/li>\n<\/ul>\n<p>&nbsp;<\/p>\n<p><strong>Vos droits concernant vos donn\u00e9es<\/strong><\/p>\n<p>Vous avez le droit d&#8217;acc\u00e9der aux donn\u00e9es personnelles que nous avons re\u00e7ues de votre part, de les corriger ou, dans certains cas, de les supprimer.<\/p>\n<p>&nbsp;<\/p>\n<p><strong>Des plaintes ?<\/strong><br \/>\nSi vous avez une r\u00e9clamation concernant le traitement de vos donn\u00e9es personnelles, veuillez nous contacter imm\u00e9diatement. Vous avez \u00e9galement le droit de d\u00e9poser une plainte aupr\u00e8s de l&#8217;Autorit\u00e9 de protection des donn\u00e9es. Il s&#8217;agit de l&#8217;autorit\u00e9 de contr\u00f4le de la protection de la vie priv\u00e9e, Drukpersstraat 35, 1000 Bruxelles, t\u00e9l. +32 (0)2 274 48 00, courriel&nbsp;: commission@privacycommission.be  <\/p>\n<p>&nbsp;<\/p>\n<p><strong>Modifications apport\u00e9es \u00e0 la d\u00e9claration de confidentialit\u00e9<\/strong><\/p>\n<p>MonaVisa BV se r\u00e9serve le droit de modifier sa politique de confidentialit\u00e9. Toute modification sera annonc\u00e9e sur notre site web. Nous vous recommandons de consulter r\u00e9guli\u00e8rement cette politique de confidentialit\u00e9 afin de prendre connaissance des \u00e9ventuelles modifications.  <\/p>\n\n            <\/div>\n<\/div>\n<\/section>\n<!--\n    Title: Content with visual\n-->\n\n\n<section class=\"gc-cwv\">\n    <!--\n    Title: Container\n    Mode: preview\n    SupportsJSX: true\n    Blueprint: false\n-->\n\n\n<div class=\"gc-container gc-container--has-margin gc-cwv__container\">\n    <div class=\"gc-cwv__first-column\">\n            <figure class=\"gc-cwv__image-wrapper\">\n            <img decoding=\"async\" width=\"1024\" height=\"683\" src=\"https:\/\/cdn.monavisa.be\/wp-content\/uploads\/Demasure_Monavisa-bedrijfsreportage-web44-1024x683.jpg\" class=\"gc-cwv__image\" alt=\"\" data-no-lazy=\"\" srcset=\"https:\/\/cdn.monavisa.be\/wp-content\/uploads\/Demasure_Monavisa-bedrijfsreportage-web44-1024x683.jpg 1024w, https:\/\/cdn.monavisa.be\/wp-content\/uploads\/Demasure_Monavisa-bedrijfsreportage-web44-300x200.jpg 300w, https:\/\/cdn.monavisa.be\/wp-content\/uploads\/Demasure_Monavisa-bedrijfsreportage-web44-768x512.jpg 768w, https:\/\/cdn.monavisa.be\/wp-content\/uploads\/Demasure_Monavisa-bedrijfsreportage-web44-1536x1025.jpg 1536w, https:\/\/cdn.monavisa.be\/wp-content\/uploads\/Demasure_Monavisa-bedrijfsreportage-web44-1920x1281.jpg 1920w, https:\/\/cdn.monavisa.be\/wp-content\/uploads\/Demasure_Monavisa-bedrijfsreportage-web44.jpg 2048w\" sizes=\"(max-width: 1024px) 100vw, 1024px\" \/>        <\/figure>\n            <\/div>\n        <div class=\"gc-cwv__second-column\">\n            <h2 class=\"gc-cwv__title h2\">\n\t\tObtenez d\u00e8s maintenant votre devis personnalis\u00e9 gratuit.\n\t<\/h2>    <div class=\"gc-cwv__text gc-cwv__text--short\">\n        <p>Chaque espace est unique. Nous sommes heureux de vous aider \u00e0 trouver la solution acoustique et esth\u00e9tique id\u00e9ale pour votre int\u00e9rieur. <\/p>\n\n    <\/div>\n            <div class=\"gc-cwv__buttons\">\n                            <a\n        href=\"https:\/\/monavisa.be\/fr\/demander-un-devis\/\" class=\"gc-button gc-button--regular\">\n                    Demander un devis\n        \n                    <svg class='gc-button__icon' width=\"12\" height=\"12\" viewBox=\"0 0 12 12\" fill=\"none\" xmlns=\"http:\/\/www.w3.org\/2000\/svg\">\n  <path d=\"M0 0H12V12H11V1H0V0Z\" fill=\"white\"\/>\n  <path d=\"M12 0L6 6L0 12\" stroke=\"white\"\/>\n<\/svg>\n            <\/a>\n                                    <a\n        href=\"https:\/\/monavisa.be\/fr\/contact\/\" class=\"gc-button gc-button--grey gc-button--regular\">\n                    Contactez-nous\n        \n            <\/a>\n                            <\/div>\n                <\/div>\n<\/div>\n<\/section>\n","protected":false},"excerpt":{"rendered":"","protected":false},"author":3,"featured_media":0,"parent":0,"menu_order":0,"comment_status":"closed","ping_status":"closed","template":"","meta":{"_acf_changed":false,"footnotes":""},"class_list":["post-2707","page","type-page","status-publish","hentry"],"acf":[],"_links":{"self":[{"href":"https:\/\/monavisa.be\/fr\/wp-json\/wp\/v2\/pages\/2707","targetHints":{"allow":["GET"]}}],"collection":[{"href":"https:\/\/monavisa.be\/fr\/wp-json\/wp\/v2\/pages"}],"about":[{"href":"https:\/\/monavisa.be\/fr\/wp-json\/wp\/v2\/types\/page"}],"author":[{"embeddable":true,"href":"https:\/\/monavisa.be\/fr\/wp-json\/wp\/v2\/users\/3"}],"replies":[{"embeddable":true,"href":"https:\/\/monavisa.be\/fr\/wp-json\/wp\/v2\/comments?post=2707"}],"version-history":[{"count":3,"href":"https:\/\/monavisa.be\/fr\/wp-json\/wp\/v2\/pages\/2707\/revisions"}],"predecessor-version":[{"id":3115,"href":"https:\/\/monavisa.be\/fr\/wp-json\/wp\/v2\/pages\/2707\/revisions\/3115"}],"wp:attachment":[{"href":"https:\/\/monavisa.be\/fr\/wp-json\/wp\/v2\/media?parent=2707"}],"curies":[{"name":"wp","href":"https:\/\/api.w.org\/{rel}","templated":true}]}}