{"id":2808,"date":"2025-07-07T11:31:43","date_gmt":"2025-07-07T09:31:43","guid":{"rendered":"https:\/\/monavisa.be\/certificats\/"},"modified":"2026-03-12T11:54:31","modified_gmt":"2026-03-12T10:54:31","slug":"certificats","status":"publish","type":"page","link":"https:\/\/monavisa.be\/fr\/certificats\/","title":{"rendered":"Certificats"},"content":{"rendered":"<!--\n Title: Intro\n-->\n\n<section class=\"gc-intro\">\n    <!--\n    Title: Container\n    Mode: preview\n    SupportsJSX: true\n    Blueprint: false\n-->\n\n\n<div class=\"gc-container\">\n    <div class=\"gc-breadcrumbs\">\n    <nav aria-label=\"breadcrumbs\" class=\"rank-math-breadcrumb\"><p><span class=\"last\">Monavisa<\/span><\/p><\/nav><\/div>\n        <h1 class=\"gc-intro__title\">\n            Certificats\n        <\/h1>\n                    <div class=\"gc-intro__subtitle\">\n                <p>MonaVisa travaille exclusivement avec des mat\u00e9riaux qui r\u00e9pondent \u00e0 toutes les normes de s\u00e9curit\u00e9 et de qualit\u00e9 applicables.<br \/>\n Nos plafonds et cloisons tendus sont rigoureusement test\u00e9s et certifi\u00e9s par des organismes fran\u00e7ais et internationaux reconnus.<\/p>\n<p> Ces certificats attestent de la s\u00e9curit\u00e9 incendie, de la durabilit\u00e9, de l&#8217;hygi\u00e8ne et des performances techniques de nos produits.<br \/>\n Ainsi, vous avez la garantie que chaque installation est r\u00e9alis\u00e9e correctement, en toute s\u00e9curit\u00e9 et conform\u00e9ment aux normes.<\/p>\n<p> Vous trouverez ci-dessous un aper\u00e7u de toutes les certifications auxquelles nos produits sont conformes.<\/p>\n\n            <\/div>\n<\/div>\n<\/section>\n<!--\n    Title: Certificates Overview\n    Mode: preview\n-->\n\n\n    <section class=\"gc-certificates-overview\">\n    <!--\n    Title: Container\n    Mode: preview\n    SupportsJSX: true\n    Blueprint: false\n-->\n\n\n<div class=\"gc-container gc-container--has-margin gc-container--smaller-top-margin gc-certificates-overview__container\">\n    <div class=\"gc-certificates-overview__item\">\n                    <img decoding=\"async\" width=\"200\" height=\"200\" src=\"https:\/\/cdn.monavisa.be\/wp-content\/uploads\/image-32-1.jpg\" class=\"gc-certificates-overview__logo\" alt=\"\" srcset=\"https:\/\/cdn.monavisa.be\/wp-content\/uploads\/image-32-1.jpg 200w, https:\/\/cdn.monavisa.be\/wp-content\/uploads\/image-32-1-150x150.jpg 150w\" sizes=\"(max-width: 200px) 100vw, 200px\" \/>                    <div>\n                        <h3 class=\"gc-certificates-overview__title h4\">\n                            classe de r\u00e9action au feu B-s1,d0\n                        <\/h3>\n                        <div class=\"gc-certificates-overview__excerpt\">\n                            Tous les tissus Clipso\u00ae portent ce certificat.  \nCes certificats ne sont valables que pour les toiles non imprim\u00e9es.\n                        <\/div>\n                                                    <a\n        href=\"1818\" target=\"_blank\" class=\"gc-button gc-button--transparent gc-certificates-overview__button\">\n        \n                    Download\n                            <svg class='gc-button__icon' width=\"12\" height=\"12\" viewBox=\"0 0 12 12\" fill=\"none\" xmlns=\"http:\/\/www.w3.org\/2000\/svg\">\n  <path d=\"M0 0H12V12H11V1H0V0Z\" fill=\"white\"\/>\n  <path d=\"M12 0L6 6L0 12\" stroke=\"white\"\/>\n<\/svg>\n            <\/a>\n                                                    <\/div>\n                <\/div>\n                            <div class=\"gc-certificates-overview__item\">\n                    <img decoding=\"async\" width=\"120\" height=\"120\" src=\"https:\/\/cdn.monavisa.be\/wp-content\/uploads\/image-34.jpg\" class=\"gc-certificates-overview__logo\" alt=\"\" \/>                    <div>\n                        <h3 class=\"gc-certificates-overview__title h4\">\n                            Norme Oeko-Tex 100\n                        <\/h3>\n                        <div class=\"gc-certificates-overview__excerpt\">\n                            Oeko-Tex Standard 100 est le principal organisme mondial de certification textile, certifiant la pr\u00e9sence de composants ind\u00e9sirables. Les tissus Clipso\u00ae portent ce label et sont exempts de substances canc\u00e9rig\u00e8nes et autres compos\u00e9s organiques nocifs. Cette certification est valable uniquement pour les tissus non imprim\u00e9s.\n                        <\/div>\n                                                    <a\n        href=\"1812\" target=\"_blank\" class=\"gc-button gc-button--transparent gc-certificates-overview__button\">\n        \n                    Download\n                            <svg class='gc-button__icon' width=\"12\" height=\"12\" viewBox=\"0 0 12 12\" fill=\"none\" xmlns=\"http:\/\/www.w3.org\/2000\/svg\">\n  <path d=\"M0 0H12V12H11V1H0V0Z\" fill=\"white\"\/>\n  <path d=\"M12 0L6 6L0 12\" stroke=\"white\"\/>\n<\/svg>\n            <\/a>\n                                                    <\/div>\n                <\/div>\n                            <div class=\"gc-certificates-overview__item\">\n                    <img decoding=\"async\" width=\"120\" height=\"120\" src=\"https:\/\/cdn.monavisa.be\/wp-content\/uploads\/image-37.jpg\" class=\"gc-certificates-overview__logo\" alt=\"\" \/>                    <div>\n                        <h3 class=\"gc-certificates-overview__title h4\">\n                            Or de la Garde Verte\n                        <\/h3>\n                        <div class=\"gc-certificates-overview__excerpt\">\n                            La certification Greenguard est une certification internationale pour les mat\u00e9riaux de finition int\u00e9rieure. Cette certification garantit que les produits Clipso\u00ae n&#039;\u00e9mettent aucune substance polluante (COV, ou compos\u00e9s organiques volatils).\n                        <\/div>\n                                                    <a\n        href=\"1809\" target=\"_blank\" class=\"gc-button gc-button--transparent gc-certificates-overview__button\">\n        \n                    Download\n                            <svg class='gc-button__icon' width=\"12\" height=\"12\" viewBox=\"0 0 12 12\" fill=\"none\" xmlns=\"http:\/\/www.w3.org\/2000\/svg\">\n  <path d=\"M0 0H12V12H11V1H0V0Z\" fill=\"white\"\/>\n  <path d=\"M12 0L6 6L0 12\" stroke=\"white\"\/>\n<\/svg>\n            <\/a>\n                                                    <\/div>\n                <\/div>\n                            <div class=\"gc-certificates-overview__item\">\n                    <img decoding=\"async\" width=\"1024\" height=\"1024\" src=\"https:\/\/cdn.monavisa.be\/wp-content\/uploads\/Tekengebied-1@4x-100-1024x1024.jpg\" class=\"gc-certificates-overview__logo\" alt=\"\" srcset=\"https:\/\/cdn.monavisa.be\/wp-content\/uploads\/Tekengebied-1@4x-100-1024x1024.jpg 1024w, https:\/\/cdn.monavisa.be\/wp-content\/uploads\/Tekengebied-1@4x-100-300x300.jpg 300w, https:\/\/cdn.monavisa.be\/wp-content\/uploads\/Tekengebied-1@4x-100-150x150.jpg 150w, https:\/\/cdn.monavisa.be\/wp-content\/uploads\/Tekengebied-1@4x-100-768x769.jpg 768w, https:\/\/cdn.monavisa.be\/wp-content\/uploads\/Tekengebied-1@4x-100.jpg 1308w\" sizes=\"(max-width: 1024px) 100vw, 1024px\" \/>                    <div>\n                        <h3 class=\"gc-certificates-overview__title h4\">\n                            classe de r\u00e9action au feu B-s1,d0\n                        <\/h3>\n                        <div class=\"gc-certificates-overview__excerpt\">\n                            Les tissus imprim\u00e9s Clipso\u00ae sont certifi\u00e9s. Le t\u00e9l\u00e9chargement inclut le certificat pour le tissu acoustique et translucide.\n                        <\/div>\n                                                    <a\n        href=\"2501\" target=\"_blank\" class=\"gc-button gc-button--transparent gc-certificates-overview__button\">\n        \n                    Download\n                            <svg class='gc-button__icon' width=\"12\" height=\"12\" viewBox=\"0 0 12 12\" fill=\"none\" xmlns=\"http:\/\/www.w3.org\/2000\/svg\">\n  <path d=\"M0 0H12V12H11V1H0V0Z\" fill=\"white\"\/>\n  <path d=\"M12 0L6 6L0 12\" stroke=\"white\"\/>\n<\/svg>\n            <\/a>\n                                                    <\/div>\n                <\/div>\n                            <div class=\"gc-certificates-overview__item\">\n                    <img decoding=\"async\" width=\"120\" height=\"120\" src=\"https:\/\/cdn.monavisa.be\/wp-content\/uploads\/image-33.jpg\" class=\"gc-certificates-overview__logo\" alt=\"\" \/>                    <div>\n                        <h3 class=\"gc-certificates-overview__title h4\">\n                            Profil\u00e9s de serrage de classe de r\u00e9action au feu B1\n                        <\/h3>\n                        <div class=\"gc-certificates-overview__excerpt\">\n                            Tous les profil\u00e9s PVC Clipso\u00ae sont certifi\u00e9s.\n                        <\/div>\n                                                    <a\n        href=\"1806\" target=\"_blank\" class=\"gc-button gc-button--transparent gc-certificates-overview__button\">\n        \n                    Download\n                            <svg class='gc-button__icon' width=\"12\" height=\"12\" viewBox=\"0 0 12 12\" fill=\"none\" xmlns=\"http:\/\/www.w3.org\/2000\/svg\">\n  <path d=\"M0 0H12V12H11V1H0V0Z\" fill=\"white\"\/>\n  <path d=\"M12 0L6 6L0 12\" stroke=\"white\"\/>\n<\/svg>\n            <\/a>\n                                                    <\/div>\n                <\/div>\n                            <div class=\"gc-certificates-overview__item\">\n                    <img decoding=\"async\" width=\"120\" height=\"120\" src=\"https:\/\/cdn.monavisa.be\/wp-content\/uploads\/image-35.jpg\" class=\"gc-certificates-overview__logo\" alt=\"\" \/>                    <div>\n                        <h3 class=\"gc-certificates-overview__title h4\">\n                            ISO 9001\n                        <\/h3>\n                        <div class=\"gc-certificates-overview__excerpt\">\n                            Gr\u00e2ce \u00e0 une d\u00e9marche d&#039;am\u00e9lioration continue de la qualit\u00e9, Clipso\u00ae est certifi\u00e9e ISO 9001. Ce syst\u00e8me de management de la qualit\u00e9 s&#039;applique \u00e0 la conception, la fabrication et la commercialisation de rev\u00eatements textiles innovants pour plafonds et murs. Cette certification est valable uniquement pour les tissus non imprim\u00e9s.\n                        <\/div>\n                                                    <a\n        href=\"1821\" target=\"_blank\" class=\"gc-button gc-button--transparent gc-certificates-overview__button\">\n        \n                    Download\n                            <svg class='gc-button__icon' width=\"12\" height=\"12\" viewBox=\"0 0 12 12\" fill=\"none\" xmlns=\"http:\/\/www.w3.org\/2000\/svg\">\n  <path d=\"M0 0H12V12H11V1H0V0Z\" fill=\"white\"\/>\n  <path d=\"M12 0L6 6L0 12\" stroke=\"white\"\/>\n<\/svg>\n            <\/a>\n                                                    <\/div>\n                <\/div>\n                            <div class=\"gc-certificates-overview__item\">\n                    <img decoding=\"async\" width=\"120\" height=\"120\" src=\"https:\/\/cdn.monavisa.be\/wp-content\/uploads\/image-36.jpg\" class=\"gc-certificates-overview__logo\" alt=\"\" \/>                    <div>\n                        <h3 class=\"gc-certificates-overview__title h4\">\n                            D\u00e9sinfect\u00e9\n                        <\/h3>\n                        <div class=\"gc-certificates-overview__excerpt\">\n                            Les chiffons Clipso\u00ae ont \u00e9t\u00e9 test\u00e9s avec succ\u00e8s par Sanitized, leader mondial en mati\u00e8re de protection antimicrobienne et textile. Gr\u00e2ce au traitement Sanitized, les chiffons b\u00e9n\u00e9ficient d&#039;une protection continue contre les moisissures. Ce certificat est valable uniquement pour les chiffons non imprim\u00e9s portant la r\u00e9f\u00e9rence AB 705.\n                        <\/div>\n                                                    <a\n        href=\"1815\" target=\"_blank\" class=\"gc-button gc-button--transparent gc-certificates-overview__button\">\n        \n                    Download\n                            <svg class='gc-button__icon' width=\"12\" height=\"12\" viewBox=\"0 0 12 12\" fill=\"none\" xmlns=\"http:\/\/www.w3.org\/2000\/svg\">\n  <path d=\"M0 0H12V12H11V1H0V0Z\" fill=\"white\"\/>\n  <path d=\"M12 0L6 6L0 12\" stroke=\"white\"\/>\n<\/svg>\n            <\/a>\n                                                    <\/div>\n                <\/div>\n<\/div>\n<\/section>\n<!--\n    Title: Content with visual\n-->\n\n\n<section class=\"gc-cwv\">\n    <!--\n    Title: Container\n    Mode: preview\n    SupportsJSX: true\n    Blueprint: false\n-->\n\n\n<div class=\"gc-container gc-container--has-margin gc-cwv__container\">\n    <div class=\"gc-cwv__first-column\">\n            <figure class=\"gc-cwv__image-wrapper\">\n            <img decoding=\"async\" width=\"1024\" height=\"683\" src=\"https:\/\/cdn.monavisa.be\/wp-content\/uploads\/Demasure_Monavisa-bedrijfsreportage-web44-1024x683.jpg\" class=\"gc-cwv__image\" alt=\"\" data-no-lazy=\"\" srcset=\"https:\/\/cdn.monavisa.be\/wp-content\/uploads\/Demasure_Monavisa-bedrijfsreportage-web44-1024x683.jpg 1024w, https:\/\/cdn.monavisa.be\/wp-content\/uploads\/Demasure_Monavisa-bedrijfsreportage-web44-300x200.jpg 300w, https:\/\/cdn.monavisa.be\/wp-content\/uploads\/Demasure_Monavisa-bedrijfsreportage-web44-768x512.jpg 768w, https:\/\/cdn.monavisa.be\/wp-content\/uploads\/Demasure_Monavisa-bedrijfsreportage-web44-1536x1025.jpg 1536w, https:\/\/cdn.monavisa.be\/wp-content\/uploads\/Demasure_Monavisa-bedrijfsreportage-web44-1920x1281.jpg 1920w, https:\/\/cdn.monavisa.be\/wp-content\/uploads\/Demasure_Monavisa-bedrijfsreportage-web44.jpg 2048w\" sizes=\"(max-width: 1024px) 100vw, 1024px\" \/>        <\/figure>\n            <\/div>\n        <div class=\"gc-cwv__second-column\">\n            <h2 class=\"gc-cwv__title h2\">\n\t\tObtenez d\u00e8s maintenant votre devis personnalis\u00e9 gratuit.\n\t<\/h2>    <div class=\"gc-cwv__text gc-cwv__text--short\">\n        <p>Chaque espace est unique. Nous sommes heureux de vous aider \u00e0 trouver la solution acoustique et esth\u00e9tique id\u00e9ale pour votre int\u00e9rieur. <\/p>\n\n    <\/div>\n            <div class=\"gc-cwv__buttons\">\n                            <a\n        href=\"https:\/\/monavisa.be\/fr\/demander-un-devis\/\" class=\"gc-button gc-button--regular\">\n                    Demander un devis\n        \n                    <svg class='gc-button__icon' width=\"12\" height=\"12\" viewBox=\"0 0 12 12\" fill=\"none\" xmlns=\"http:\/\/www.w3.org\/2000\/svg\">\n  <path d=\"M0 0H12V12H11V1H0V0Z\" fill=\"white\"\/>\n  <path d=\"M12 0L6 6L0 12\" stroke=\"white\"\/>\n<\/svg>\n            <\/a>\n                                    <a\n        href=\"https:\/\/monavisa.be\/fr\/contact\/\" class=\"gc-button gc-button--grey gc-button--regular\">\n                    Contactez-nous\n        \n            <\/a>\n                            <\/div>\n                <\/div>\n<\/div>\n<\/section>\n","protected":false},"excerpt":{"rendered":"","protected":false},"author":1,"featured_media":0,"parent":0,"menu_order":0,"comment_status":"closed","ping_status":"closed","template":"","meta":{"_acf_changed":false,"footnotes":""},"class_list":["post-2808","page","type-page","status-publish","hentry"],"acf":[],"_links":{"self":[{"href":"https:\/\/monavisa.be\/fr\/wp-json\/wp\/v2\/pages\/2808","targetHints":{"allow":["GET"]}}],"collection":[{"href":"https:\/\/monavisa.be\/fr\/wp-json\/wp\/v2\/pages"}],"about":[{"href":"https:\/\/monavisa.be\/fr\/wp-json\/wp\/v2\/types\/page"}],"author":[{"embeddable":true,"href":"https:\/\/monavisa.be\/fr\/wp-json\/wp\/v2\/users\/1"}],"replies":[{"embeddable":true,"href":"https:\/\/monavisa.be\/fr\/wp-json\/wp\/v2\/comments?post=2808"}],"version-history":[{"count":3,"href":"https:\/\/monavisa.be\/fr\/wp-json\/wp\/v2\/pages\/2808\/revisions"}],"predecessor-version":[{"id":3013,"href":"https:\/\/monavisa.be\/fr\/wp-json\/wp\/v2\/pages\/2808\/revisions\/3013"}],"wp:attachment":[{"href":"https:\/\/monavisa.be\/fr\/wp-json\/wp\/v2\/media?parent=2808"}],"curies":[{"name":"wp","href":"https:\/\/api.w.org\/{rel}","templated":true}]}}