{"id":2811,"date":"2025-07-07T12:53:30","date_gmt":"2025-07-07T10:53:30","guid":{"rendered":"https:\/\/monavisa.be\/blog\/"},"modified":"2026-03-12T11:54:37","modified_gmt":"2026-03-12T10:54:37","slug":"blog","status":"publish","type":"page","link":"https:\/\/monavisa.be\/fr\/blog\/","title":{"rendered":"Blog"},"content":{"rendered":"<!--\n Title: Intro\n-->\n\n<section class=\"gc-intro\">\n    <!--\n    Title: Container\n    Mode: preview\n    SupportsJSX: true\n    Blueprint: false\n-->\n\n\n<div class=\"gc-container\">\n    <div class=\"gc-breadcrumbs\">\n    <nav aria-label=\"breadcrumbs\" class=\"rank-math-breadcrumb\"><p><span class=\"last\">Monavisa<\/span><\/p><\/nav><\/div>\n        <h1 class=\"gc-intro__title\">\n            Blog\n        <\/h1>\n                    <div class=\"gc-intro__subtitle\">\n                <p>Sur notre blog, nous rassemblons inspiration, id\u00e9es et expertise sur les plafonds tendus,<br \/>\n acoustique et design d&#8217;int\u00e9rieur.<\/p>\n<p> Nous montrons comment la technologie et l&#8217;esth\u00e9tique se renforcent mutuellement et comment y parvenir gr\u00e2ce aux bons outils.<br \/>\n Des solutions qui apportent paix et confort \u00e0 chaque pi\u00e8ce.<\/p>\n<p> D\u00e9couvrez des \u00e9tudes de cas, des conseils, des innovations et des applications concr\u00e8tes issues de notre monde.<\/p>\n\n            <\/div>\n<\/div>\n<\/section>\n<!--\n    Title: Blog Overview\n-->\n<section >\n    <div wire:snapshot=\"{&quot;data&quot;:{&quot;currentCategory&quot;:&quot;&quot;,&quot;activePage&quot;:1,&quot;pages&quot;:1},&quot;memo&quot;:{&quot;id&quot;:&quot;epEUu8dRNiXSwmSE1d6d&quot;,&quot;name&quot;:&quot;blog-overview&quot;,&quot;path&quot;:&quot;fr\\\/wp-json\\\/wp\\\/v2\\\/pages\\\/2811&quot;,&quot;method&quot;:&quot;GET&quot;,&quot;children&quot;:[],&quot;scripts&quot;:[],&quot;assets&quot;:[],&quot;errors&quot;:[],&quot;locale&quot;:&quot;en&quot;},&quot;checksum&quot;:&quot;2824c63ecf4ebb9f1f5da17d5b375d6bfc42ff9d0997651bce19e1b9cd3eaf5d&quot;}\" wire:effects=\"{&quot;url&quot;:{&quot;currentCategory&quot;:{&quot;as&quot;:&quot;category&quot;,&quot;use&quot;:&quot;replace&quot;,&quot;alwaysShow&quot;:false,&quot;except&quot;:&quot;&quot;},&quot;activePage&quot;:{&quot;as&quot;:null,&quot;use&quot;:&quot;replace&quot;,&quot;alwaysShow&quot;:false,&quot;except&quot;:1}}}\" wire:id=\"epEUu8dRNiXSwmSE1d6d\" class=\"gc-blog-overview\" id=\"overview\">\n    <!--\n    Title: Container\n    Mode: preview\n    SupportsJSX: true\n    Blueprint: false\n-->\n\n\n<div class=\"gc-container  gc-blog-overview__container\">\n    <!--[if BLOCK]><![endif]--><!--[if ENDBLOCK]><![endif]-->\n        <div>\n            <!--[if BLOCK]><![endif]-->                <ul class=\"gc-blog-overview__grid\">\n                    <!--[if BLOCK]><![endif]-->                        <li class=\"gc-article-item\">\n    <a class=\"gc-article-item__link\" href=\"https:\/\/monavisa.be\/fr\/un-design-elegant-pour-une-acoustique-optimale\/\">\n        <img decoding=\"async\" width=\"819\" height=\"1024\" src=\"https:\/\/cdn.monavisa.be\/wp-content\/uploads\/516624708_1277731614361954_3691594299095041046_n-819x1024.jpg\" class=\"gc-article-item__thumbnail\" alt=\"\" srcset=\"https:\/\/cdn.monavisa.be\/wp-content\/uploads\/516624708_1277731614361954_3691594299095041046_n-819x1024.jpg 819w, https:\/\/cdn.monavisa.be\/wp-content\/uploads\/516624708_1277731614361954_3691594299095041046_n-240x300.jpg 240w, https:\/\/cdn.monavisa.be\/wp-content\/uploads\/516624708_1277731614361954_3691594299095041046_n-768x960.jpg 768w, https:\/\/cdn.monavisa.be\/wp-content\/uploads\/516624708_1277731614361954_3691594299095041046_n-1229x1536.jpg 1229w, https:\/\/cdn.monavisa.be\/wp-content\/uploads\/516624708_1277731614361954_3691594299095041046_n.jpg 1365w\" sizes=\"(max-width: 819px) 100vw, 819px\" \/>        <div class=\"gc-article-item__content\">\n            <div>\n                                <h3 class=\"gc-article-item__title  h4\">Un design \u00e9l\u00e9gant pour une acoustique optimale.<\/h3>\n                <div class=\"gc-article-item__date\">24\/09\/2025 <\/div>\n            <\/div>\n            <div class=\"gc-article-item__excerpt\">\n                Un int\u00e9rieur qui respire la tranquillit\u00e9 visuelle et garantit une discr\u00e9tion totale gr\u00e2ce \u00e0 un confort acoustique optimal : c&#8217;est le cr\u00e9neau dans lequel MonaVisa est parfaitement \u00e0 son aise.\n\n \n\nLe sp\u00e9cialiste de Roulers s&#8217;installe dans une nouvelle demeure dot\u00e9e d&#8217;une impressionnante \u00ab exp\u00e9rience acoustique \u00bb et qui refl\u00e8te la cr\u00e9ativit\u00e9 sans fin de ses solutions dans une magnifique maison t\u00e9moin.\n            <\/div>\n            <button class=\"gc-button gc-button--simple gc-article-item__button\" type=\"button\">\n            En savoir plus\n                            <svg class='gc-button__icon' width=\"12\" height=\"12\" viewBox=\"0 0 12 12\" fill=\"none\" xmlns=\"http:\/\/www.w3.org\/2000\/svg\">\n  <path d=\"M0 0H12V12H11V1H0V0Z\" fill=\"white\"\/>\n  <path d=\"M12 0L6 6L0 12\" stroke=\"white\"\/>\n<\/svg>\n                    <\/button>\n            <\/div>\n    <\/a>\n<\/li>\n                                            <li class=\"gc-article-item\">\n    <a class=\"gc-article-item__link\" href=\"https:\/\/monavisa.be\/fr\/pyramid-space\/\">\n        <img decoding=\"async\" width=\"625\" height=\"615\" src=\"https:\/\/cdn.monavisa.be\/wp-content\/uploads\/image-2.png\" class=\"gc-article-item__thumbnail\" alt=\"Pyramid in Space architect@work Kortrijk 2025\" srcset=\"https:\/\/cdn.monavisa.be\/wp-content\/uploads\/image-2.png 625w, https:\/\/cdn.monavisa.be\/wp-content\/uploads\/image-2-300x295.png 300w\" sizes=\"(max-width: 625px) 100vw, 625px\" \/>        <div class=\"gc-article-item__content\">\n            <div>\n                                <h3 class=\"gc-article-item__title  h4\">Pyramide dans l&#8217;espace architect@work Kortrijk 2025 | MonaVisa<\/h3>\n                <div class=\"gc-article-item__date\">05\/05\/2025 <\/div>\n            <\/div>\n            <div class=\"gc-article-item__excerpt\">\n                Il ne s&#8217;agit pas d&#8217;une installation. Il s&#8217;agit d&#8217;une dispersion des sens. Un espace o\u00f9 le temps s&#8217;arr\u00eate pour un moment et o\u00f9 l&#8217;on plonge litt\u00e9ralement la t\u00eate dans quelque chose qui n&#8217;a pas de nom.    \n            <\/div>\n            <button class=\"gc-button gc-button--simple gc-article-item__button\" type=\"button\">\n            En savoir plus\n                            <svg class='gc-button__icon' width=\"12\" height=\"12\" viewBox=\"0 0 12 12\" fill=\"none\" xmlns=\"http:\/\/www.w3.org\/2000\/svg\">\n  <path d=\"M0 0H12V12H11V1H0V0Z\" fill=\"white\"\/>\n  <path d=\"M12 0L6 6L0 12\" stroke=\"white\"\/>\n<\/svg>\n                    <\/button>\n            <\/div>\n    <\/a>\n<\/li>\n                                            <li class=\"gc-article-item\">\n    <a class=\"gc-article-item__link\" href=\"https:\/\/monavisa.be\/fr\/20-ans-de-monavisa\/\">\n        <img decoding=\"async\" width=\"1024\" height=\"729\" src=\"https:\/\/cdn.monavisa.be\/wp-content\/uploads\/MONAVISA_renderfile0007-1024x729.jpg\" class=\"gc-article-item__thumbnail\" alt=\"\" srcset=\"https:\/\/cdn.monavisa.be\/wp-content\/uploads\/MONAVISA_renderfile0007-1024x729.jpg 1024w, https:\/\/cdn.monavisa.be\/wp-content\/uploads\/MONAVISA_renderfile0007-300x214.jpg 300w, https:\/\/cdn.monavisa.be\/wp-content\/uploads\/MONAVISA_renderfile0007-768x547.jpg 768w, https:\/\/cdn.monavisa.be\/wp-content\/uploads\/MONAVISA_renderfile0007-1536x1094.jpg 1536w, https:\/\/cdn.monavisa.be\/wp-content\/uploads\/MONAVISA_renderfile0007-2048x1459.jpg 2048w, https:\/\/cdn.monavisa.be\/wp-content\/uploads\/MONAVISA_renderfile0007-1920x1368.jpg 1920w\" sizes=\"(max-width: 1024px) 100vw, 1024px\" \/>        <div class=\"gc-article-item__content\">\n            <div>\n                                <h3 class=\"gc-article-item__title  h4\">20 ans de MonaVisa<\/h3>\n                <div class=\"gc-article-item__date\">07\/11\/2024 <\/div>\n            <\/div>\n            <div class=\"gc-article-item__excerpt\">\n                MonaVisa est pionni\u00e8re dans le domaine des rev\u00eatements muraux et de plafonds en polyester \u00e0 pose \u00e0 froid. Leader en Belgique, l&#8217;entreprise allie s\u00e9r\u00e9nit\u00e9 visuelle et acoustique parfaite. En 2021, Francis De Nolf et son \u00e9pouse, Riet De Brauwer, ont repris l&#8217;entreprise. \u00ab Nous poursuivons nos efforts d&#8217;innovation et sommes pr\u00eats pour l&#8217;avenir. \u00bb     \n            <\/div>\n            <button class=\"gc-button gc-button--simple gc-article-item__button\" type=\"button\">\n            En savoir plus\n                            <svg class='gc-button__icon' width=\"12\" height=\"12\" viewBox=\"0 0 12 12\" fill=\"none\" xmlns=\"http:\/\/www.w3.org\/2000\/svg\">\n  <path d=\"M0 0H12V12H11V1H0V0Z\" fill=\"white\"\/>\n  <path d=\"M12 0L6 6L0 12\" stroke=\"white\"\/>\n<\/svg>\n                    <\/button>\n            <\/div>\n    <\/a>\n<\/li>\n                    <!--[if ENDBLOCK]><![endif]-->\n                <\/ul>\n                            <!--[if ENDBLOCK]><![endif]-->\n        <\/div>\n<\/div>\n<\/div>\n<\/section>\n<!--\n    Title: Content with visual\n-->\n\n\n<section class=\"gc-cwv gc-cwv--is-reversed gc-cwv--narrow\">\n    <!--\n    Title: Container\n    Mode: preview\n    SupportsJSX: true\n    Blueprint: false\n-->\n\n\n<div class=\"gc-container gc-container--has-margin gc-container--small gc-cwv__container\">\n    <div class=\"gc-cwv__first-column\">\n            <figure class=\"gc-cwv__image-wrapper\">\n            <img decoding=\"async\" width=\"666\" height=\"530\" src=\"https:\/\/cdn.monavisa.be\/wp-content\/uploads\/Frame-579-1.jpg\" class=\"gc-cwv__image\" alt=\"\" data-no-lazy=\"\" srcset=\"https:\/\/cdn.monavisa.be\/wp-content\/uploads\/Frame-579-1.jpg 666w, https:\/\/cdn.monavisa.be\/wp-content\/uploads\/Frame-579-1-300x239.jpg 300w\" sizes=\"(max-width: 666px) 100vw, 666px\" \/>        <\/figure>\n            <\/div>\n        <div class=\"gc-cwv__second-column\">\n            <h2 class=\"gc-cwv__title h2\">\n\t\tAbonnez-vous \u00e0 notre newsletter\n\t<\/h2>    <div class=\"gc-cwv__text gc-cwv__text--short\">\n        <p>Nous serions ravis de vous inspirer avec des articles sur l&#8217;acoustique, l&#8217;\u00e9clairage et les int\u00e9rieurs intemporels \u2013 directement dans votre bo\u00eete mail.<\/p>\n\n    <\/div>\n                <div class=\"gc-cwv__form\">\n            <script>\nvar gform;gform||(document.addEventListener(\"gform_main_scripts_loaded\",function(){gform.scriptsLoaded=!0}),document.addEventListener(\"gform\/theme\/scripts_loaded\",function(){gform.themeScriptsLoaded=!0}),window.addEventListener(\"DOMContentLoaded\",function(){gform.domLoaded=!0}),gform={domLoaded:!1,scriptsLoaded:!1,themeScriptsLoaded:!1,isFormEditor:()=>\"function\"==typeof InitializeEditor,callIfLoaded:function(o){return!(!gform.domLoaded||!gform.scriptsLoaded||!gform.themeScriptsLoaded&&!gform.isFormEditor()||(gform.isFormEditor()&&console.warn(\"The use of gform.initializeOnLoaded() is deprecated in the form editor context and will be removed in Gravity Forms 3.1.\"),o(),0))},initializeOnLoaded:function(o){gform.callIfLoaded(o)||(document.addEventListener(\"gform_main_scripts_loaded\",()=>{gform.scriptsLoaded=!0,gform.callIfLoaded(o)}),document.addEventListener(\"gform\/theme\/scripts_loaded\",()=>{gform.themeScriptsLoaded=!0,gform.callIfLoaded(o)}),window.addEventListener(\"DOMContentLoaded\",()=>{gform.domLoaded=!0,gform.callIfLoaded(o)}))},hooks:{action:{},filter:{}},addAction:function(o,r,e,t){gform.addHook(\"action\",o,r,e,t)},addFilter:function(o,r,e,t){gform.addHook(\"filter\",o,r,e,t)},doAction:function(o){gform.doHook(\"action\",o,arguments)},applyFilters:function(o){return gform.doHook(\"filter\",o,arguments)},removeAction:function(o,r){gform.removeHook(\"action\",o,r)},removeFilter:function(o,r,e){gform.removeHook(\"filter\",o,r,e)},addHook:function(o,r,e,t,n){null==gform.hooks[o][r]&&(gform.hooks[o][r]=[]);var d=gform.hooks[o][r];null==n&&(n=r+\"_\"+d.length),gform.hooks[o][r].push({tag:n,callable:e,priority:t=null==t?10:t})},doHook:function(r,o,e){var t;if(e=Array.prototype.slice.call(e,1),null!=gform.hooks[r][o]&&((o=gform.hooks[r][o]).sort(function(o,r){return o.priority-r.priority}),o.forEach(function(o){\"function\"!=typeof(t=o.callable)&&(t=window[t]),\"action\"==r?t.apply(null,e):e[0]=t.apply(null,e)})),\"filter\"==r)return e[0]},removeHook:function(o,r,t,n){var e;null!=gform.hooks[o][r]&&(e=(e=gform.hooks[o][r]).filter(function(o,r,e){return!!(null!=n&&n!=o.tag||null!=t&&t!=o.priority)}),gform.hooks[o][r]=e)}});\n<\/script>\n\n                <div class='gf_browser_gecko gform_wrapper gravity-theme gform-theme--no-framework' data-form-theme='gravity-theme' data-form-index='0' id='gform_wrapper_2' ><div id='gf_2' class='gform_anchor' tabindex='-1'><\/div><form method='post' enctype='multipart\/form-data' target='gform_ajax_frame_2' id='gform_2'  action='\/fr\/wp-json\/wp\/v2\/pages\/2811#gf_2' data-formid='2' novalidate>\n                        <div class='gform-body gform_body'><div id='gform_fields_2' class='gform_fields top_label form_sublabel_below description_below validation_below'><div id=\"field_2_1\" class=\"gfield gfield--type-email gfield--input-type-email gfield_contains_required field_sublabel_below gfield--no-description field_description_below field_validation_below gfield_visibility_visible\"  ><label class='gfield_label gform-field-label' for='input_2_1'>E-mail<span class=\"gfield_required\"><span class=\"gfield_required gfield_required_text\">(N\u00e9cessaire)<\/span><\/span><\/label><div class='ginput_container ginput_container_email'>\n                            <input name='input_1' id='input_2_1' type='email' value='' class='large'    aria-required=\"true\" aria-invalid=\"false\"  \/>\n                        <\/div><\/div><\/div><\/div>\n        <div class='gform-footer gform_footer top_label'> <label class=\"gc-submit-button\" tabindex=\"0\">\n    <button class=\"gc-button  gc-submit-button__inner\" type=\"submit\" id=\"gform_submit_button_2\">\n            S&#039;abonner\n                            <svg class='gc-button__icon' width=\"12\" height=\"12\" viewBox=\"0 0 12 12\" fill=\"none\" xmlns=\"http:\/\/www.w3.org\/2000\/svg\">\n  <path d=\"M0 0H12V12H11V1H0V0Z\" fill=\"white\"\/>\n  <path d=\"M12 0L6 6L0 12\" stroke=\"white\"\/>\n<\/svg>\n                    <\/button>\n    <\/label>\n <input type='hidden' name='gform_ajax' value='form_id=2&amp;title=&amp;description=&amp;tabindex=0&amp;theme=gravity-theme&amp;styles=[]&amp;hash=5edc3e427cbafd61101b2a2101215e80' \/>\n            <input type='hidden' class='gform_hidden' name='gform_submission_method' data-js='gform_submission_method_2' value='iframe' \/>\n            <input type='hidden' class='gform_hidden' name='gform_theme' data-js='gform_theme_2' id='gform_theme_2' value='gravity-theme' \/>\n            <input type='hidden' class='gform_hidden' name='gform_style_settings' data-js='gform_style_settings_2' id='gform_style_settings_2' value='[]' \/>\n            <input type='hidden' class='gform_hidden' name='is_submit_2' value='1' \/>\n            <input type='hidden' class='gform_hidden' name='gform_submit' value='2' \/>\n            \n            <input type='hidden' class='gform_hidden' name='gform_currency' data-currency='EUR' value='\/F64IFr6p5+IbV951pEDgncxRJw2VeYkwus741Z\/WBm7Zm0Sxn8PcPrGgzGpRiJ\/9OlDnYv8BYyjYV0tCPV70cBiqZ0\/GJ5t\/vBB90XDNCslXVU=' \/>\n            <input type='hidden' class='gform_hidden' name='gform_unique_id' value='' \/>\n            <input type='hidden' class='gform_hidden' name='state_2' value='WyJbXSIsImQwMzQyNWIyNzgzMDlkNTFkNzg1ZTI2YmMwZTY1M2Q2Il0=' \/>\n            <input type='hidden' autocomplete='off' class='gform_hidden' name='gform_target_page_number_2' id='gform_target_page_number_2' value='0' \/>\n            <input type='hidden' autocomplete='off' class='gform_hidden' name='gform_source_page_number_2' id='gform_source_page_number_2' value='1' \/>\n            <input type='hidden' name='gform_field_values' value='' \/>\n            \n        <\/div>\n                        <input type=\"hidden\" id=\"ct_checkjs_9232fe81225bcaef853ae32870a2b0fe\" name=\"ct_checkjs\" value=\"0\" \/><script >setTimeout(function(){var ct_input_name = \"ct_checkjs_9232fe81225bcaef853ae32870a2b0fe\";if (document.getElementById(ct_input_name) !== null) {var ct_input_value = document.getElementById(ct_input_name).value;document.getElementById(ct_input_name).value = document.getElementById(ct_input_name).value.replace(ct_input_value, '48604b69bbc4556a22cf33bf7b7dba84d856a20e4f4ad1a9b3889cdf6335d895');}}, 1000);<\/script><input\n                    class=\"apbct_special_field apbct_email_id__gravity_form\"\n                    name=\"apbct__email_id__gravity_form\"\n                    aria-label=\"apbct__label_id__gravity_form\"\n                    type=\"text\" size=\"30\" maxlength=\"200\" autocomplete=\"off\"\n                    value=\"\"\n                \/><\/form>\n                        <\/div>\n\t\t                <iframe style='display:none;width:0px;height:0px;' src='about:blank' name='gform_ajax_frame_2' id='gform_ajax_frame_2' title='Cette iframe contient la logique n\u00e9cessaire pour manipuler Gravity Forms avec Ajax.'><\/iframe>\n\t\t                <script>\ngform.initializeOnLoaded( function() {gformInitSpinner( 2, 'https:\/\/monavisa.be\/wp-content\/plugins\/gravityforms\/images\/spinner.svg', true );jQuery('#gform_ajax_frame_2').on('load',function(){var contents = jQuery(this).contents().find('*').html();var is_postback = contents.indexOf('GF_AJAX_POSTBACK') >= 0;if(!is_postback){return;}var form_content = jQuery(this).contents().find('#gform_wrapper_2');var is_confirmation = jQuery(this).contents().find('#gform_confirmation_wrapper_2').length > 0;var is_redirect = contents.indexOf('gformRedirect(){') >= 0;var is_form = form_content.length > 0 && ! is_redirect && ! is_confirmation;var mt = parseInt(jQuery('html').css('margin-top'), 10) + parseInt(jQuery('body').css('margin-top'), 10) + 100;if(is_form){jQuery('#gform_wrapper_2').html(form_content.html());if(form_content.hasClass('gform_validation_error')){jQuery('#gform_wrapper_2').addClass('gform_validation_error');} else {jQuery('#gform_wrapper_2').removeClass('gform_validation_error');}setTimeout( function() { \/* delay the scroll by 50 milliseconds to fix a bug in chrome *\/ jQuery(document).scrollTop(jQuery('#gform_wrapper_2').offset().top - mt); }, 50 );if(window['gformInitDatepicker']) {gformInitDatepicker();}if(window['gformInitPriceFields']) {gformInitPriceFields();}var current_page = jQuery('#gform_source_page_number_2').val();gformInitSpinner( 2, 'https:\/\/monavisa.be\/wp-content\/plugins\/gravityforms\/images\/spinner.svg', true );jQuery(document).trigger('gform_page_loaded', [2, current_page]);window['gf_submitting_2'] = false;}else if(!is_redirect){var confirmation_content = jQuery(this).contents().find('.GF_AJAX_POSTBACK').html();if(!confirmation_content){confirmation_content = contents;}jQuery('#gform_wrapper_2').replaceWith(confirmation_content);jQuery(document).scrollTop(jQuery('#gf_2').offset().top - mt);jQuery(document).trigger('gform_confirmation_loaded', [2]);window['gf_submitting_2'] = false;wp.a11y.speak(jQuery('#gform_confirmation_message_2').text());}else{jQuery('#gform_2').append(contents);if(window['gformRedirect']) {gformRedirect();}}jQuery(document).trigger(\"gform_pre_post_render\", [{ formId: \"2\", currentPage: \"current_page\", abort: function() { this.preventDefault(); } }]);        if (event && event.defaultPrevented) {                return;        }        const gformWrapperDiv = document.getElementById( \"gform_wrapper_2\" );        if ( gformWrapperDiv ) {            const visibilitySpan = document.createElement( \"span\" );            visibilitySpan.id = \"gform_visibility_test_2\";            gformWrapperDiv.insertAdjacentElement( \"afterend\", visibilitySpan );        }        const visibilityTestDiv = document.getElementById( \"gform_visibility_test_2\" );        let postRenderFired = false;        function triggerPostRender() {            if ( postRenderFired ) {                return;            }            postRenderFired = true;            gform.core.triggerPostRenderEvents( 2, current_page );            if ( visibilityTestDiv ) {                visibilityTestDiv.parentNode.removeChild( visibilityTestDiv );            }        }        function debounce( func, wait, immediate ) {            var timeout;            return function() {                var context = this, args = arguments;                var later = function() {                    timeout = null;                    if ( !immediate ) func.apply( context, args );                };                var callNow = immediate && !timeout;                clearTimeout( timeout );                timeout = setTimeout( later, wait );                if ( callNow ) func.apply( context, args );            };        }        const debouncedTriggerPostRender = debounce( function() {            triggerPostRender();        }, 200 );        if ( visibilityTestDiv && visibilityTestDiv.offsetParent === null ) {            const observer = new MutationObserver( ( mutations ) => {                mutations.forEach( ( mutation ) => {                    if ( mutation.type === 'attributes' && visibilityTestDiv.offsetParent !== null ) {                        debouncedTriggerPostRender();                        observer.disconnect();                    }                });            });            observer.observe( document.body, {                attributes: true,                childList: false,                subtree: true,                attributeFilter: [ 'style', 'class' ],            });        } else {            triggerPostRender();        }    } );} );\n<\/script>\n        <\/div>\n            <\/div>\n<\/div>\n<\/section>\n<!--\n    Title: Content with visual\n-->\n\n\n<section class=\"gc-cwv\">\n    <!--\n    Title: Container\n    Mode: preview\n    SupportsJSX: true\n    Blueprint: false\n-->\n\n\n<div class=\"gc-container gc-container--has-margin gc-cwv__container\">\n    <div class=\"gc-cwv__first-column\">\n            <figure class=\"gc-cwv__image-wrapper\">\n            <img decoding=\"async\" width=\"1024\" height=\"683\" src=\"https:\/\/cdn.monavisa.be\/wp-content\/uploads\/Demasure_Monavisa-bedrijfsreportage-web44-1024x683.jpg\" class=\"gc-cwv__image\" alt=\"\" data-no-lazy=\"\" srcset=\"https:\/\/cdn.monavisa.be\/wp-content\/uploads\/Demasure_Monavisa-bedrijfsreportage-web44-1024x683.jpg 1024w, https:\/\/cdn.monavisa.be\/wp-content\/uploads\/Demasure_Monavisa-bedrijfsreportage-web44-300x200.jpg 300w, https:\/\/cdn.monavisa.be\/wp-content\/uploads\/Demasure_Monavisa-bedrijfsreportage-web44-768x512.jpg 768w, https:\/\/cdn.monavisa.be\/wp-content\/uploads\/Demasure_Monavisa-bedrijfsreportage-web44-1536x1025.jpg 1536w, https:\/\/cdn.monavisa.be\/wp-content\/uploads\/Demasure_Monavisa-bedrijfsreportage-web44-1920x1281.jpg 1920w, https:\/\/cdn.monavisa.be\/wp-content\/uploads\/Demasure_Monavisa-bedrijfsreportage-web44.jpg 2048w\" sizes=\"(max-width: 1024px) 100vw, 1024px\" \/>        <\/figure>\n            <\/div>\n        <div class=\"gc-cwv__second-column\">\n            <h2 class=\"gc-cwv__title h2\">\n\t\tObtenez d\u00e8s maintenant votre devis personnalis\u00e9 gratuit.\n\t<\/h2>    <div class=\"gc-cwv__text gc-cwv__text--short\">\n        <p>Chaque espace est unique. Nous sommes heureux de vous aider \u00e0 trouver la solution acoustique et esth\u00e9tique id\u00e9ale pour votre int\u00e9rieur. <\/p>\n\n    <\/div>\n            <div class=\"gc-cwv__buttons\">\n                            <a\n        href=\"https:\/\/monavisa.be\/fr\/demander-un-devis\/\" class=\"gc-button gc-button--regular\">\n                    Demander un devis\n        \n                    <svg class='gc-button__icon' width=\"12\" height=\"12\" viewBox=\"0 0 12 12\" fill=\"none\" xmlns=\"http:\/\/www.w3.org\/2000\/svg\">\n  <path d=\"M0 0H12V12H11V1H0V0Z\" fill=\"white\"\/>\n  <path d=\"M12 0L6 6L0 12\" stroke=\"white\"\/>\n<\/svg>\n            <\/a>\n                                    <a\n        href=\"https:\/\/monavisa.be\/fr\/contact\/\" class=\"gc-button gc-button--grey gc-button--regular\">\n                    Contactez-nous\n        \n            <\/a>\n                            <\/div>\n                <\/div>\n<\/div>\n<\/section>\n","protected":false},"excerpt":{"rendered":"","protected":false},"author":1,"featured_media":283,"parent":0,"menu_order":0,"comment_status":"closed","ping_status":"closed","template":"","meta":{"_acf_changed":false,"footnotes":""},"class_list":["post-2811","page","type-page","status-publish","has-post-thumbnail","hentry"],"acf":[],"_links":{"self":[{"href":"https:\/\/monavisa.be\/fr\/wp-json\/wp\/v2\/pages\/2811","targetHints":{"allow":["GET"]}}],"collection":[{"href":"https:\/\/monavisa.be\/fr\/wp-json\/wp\/v2\/pages"}],"about":[{"href":"https:\/\/monavisa.be\/fr\/wp-json\/wp\/v2\/types\/page"}],"author":[{"embeddable":true,"href":"https:\/\/monavisa.be\/fr\/wp-json\/wp\/v2\/users\/1"}],"replies":[{"embeddable":true,"href":"https:\/\/monavisa.be\/fr\/wp-json\/wp\/v2\/comments?post=2811"}],"version-history":[{"count":4,"href":"https:\/\/monavisa.be\/fr\/wp-json\/wp\/v2\/pages\/2811\/revisions"}],"predecessor-version":[{"id":3035,"href":"https:\/\/monavisa.be\/fr\/wp-json\/wp\/v2\/pages\/2811\/revisions\/3035"}],"wp:featuredmedia":[{"embeddable":true,"href":"https:\/\/monavisa.be\/fr\/wp-json\/wp\/v2\/media\/283"}],"wp:attachment":[{"href":"https:\/\/monavisa.be\/fr\/wp-json\/wp\/v2\/media?parent=2811"}],"curies":[{"name":"wp","href":"https:\/\/api.w.org\/{rel}","templated":true}]}}